{"id":922,"date":"2020-03-19T10:10:58","date_gmt":"2020-03-19T09:10:58","guid":{"rendered":"https:\/\/sass12759.cows-online.de\/?page_id=922"},"modified":"2024-09-17T10:03:42","modified_gmt":"2024-09-17T08:03:42","slug":"team","status":"publish","type":"page","link":"https:\/\/sass.media\/de\/team\/","title":{"rendered":"Team"},"content":{"rendered":"<div id=\"ueber-uns\" class=\"fusion-container-anchor\"><div class=\"fusion-fullwidth fullwidth-box fusion-builder-row-1 hundred-percent-fullwidth non-hundred-percent-height-scrolling fusion-equal-height-columns row-reverse\" style=\"--awb-border-radius-top-left:0px;--awb-border-radius-top-right:0px;--awb-border-radius-bottom-right:0px;--awb-border-radius-bottom-left:0px;--awb-padding-right:8%;--awb-padding-left:8%;--awb-flex-wrap:wrap;\" id=\"jump\" ><div class=\"fusion-builder-row fusion-row\"><div class=\"fusion-layout-column fusion_builder_column fusion-builder-column-0 fusion_builder_column_1_2 1_2 fusion-one-half fusion-column-first\" style=\"--awb-bg-size:cover;--awb-margin-top:40px;width:50%;width:calc(50% - ( ( 4% ) * 0.5 ) );margin-right: 4%;\" data-scroll-devices=\"small-visibility,medium-visibility,large-visibility\"><div class=\"fusion-column-wrapper fusion-column-has-shadow fusion-flex-column-wrapper-legacy\"><div class=\"fusion-image-element in-legacy-container\" style=\"--awb-caption-title-font-family:var(--h2_typography-font-family);--awb-caption-title-font-weight:var(--h2_typography-font-weight);--awb-caption-title-font-style:var(--h2_typography-font-style);--awb-caption-title-size:var(--h2_typography-font-size);--awb-caption-title-transform:var(--h2_typography-text-transform);--awb-caption-title-line-height:var(--h2_typography-line-height);--awb-caption-title-letter-spacing:var(--h2_typography-letter-spacing);\"><span class=\" fusion-imageframe imageframe-none imageframe-1 hover-type-none\"><img decoding=\"async\" width=\"1280\" height=\"874\" title=\"kay-sw\" src=\"https:\/\/sass.media\/wp-content\/uploads\/2020\/03\/kay-sw.jpg\" data-orig-src=\"https:\/\/sass.media\/wp-content\/uploads\/2020\/03\/kay-sw.jpg\" alt class=\"lazyload img-responsive wp-image-912\" srcset=\"data:image\/svg+xml,%3Csvg%20xmlns%3D%27http%3A%2F%2Fwww.w3.org%2F2000%2Fsvg%27%20width%3D%271280%27%20height%3D%27874%27%20viewBox%3D%270%200%201280%20874%27%3E%3Crect%20width%3D%271280%27%20height%3D%27874%27%20fill-opacity%3D%220%22%2F%3E%3C%2Fsvg%3E\" data-srcset=\"https:\/\/sass.media\/wp-content\/uploads\/2020\/03\/kay-sw-200x137.jpg 200w, https:\/\/sass.media\/wp-content\/uploads\/2020\/03\/kay-sw-400x273.jpg 400w, https:\/\/sass.media\/wp-content\/uploads\/2020\/03\/kay-sw-600x410.jpg 600w, https:\/\/sass.media\/wp-content\/uploads\/2020\/03\/kay-sw-800x546.jpg 800w, https:\/\/sass.media\/wp-content\/uploads\/2020\/03\/kay-sw-1200x819.jpg 1200w, https:\/\/sass.media\/wp-content\/uploads\/2020\/03\/kay-sw.jpg 1280w\" data-sizes=\"auto\" data-orig-sizes=\"(max-width: 800px) 100vw, 800px\" \/><\/span><\/div><div class=\"fusion-clearfix\"><\/div><\/div><\/div><div class=\"fusion-layout-column fusion_builder_column fusion-builder-column-1 fusion_builder_column_1_2 1_2 fusion-one-half fusion-column-last\" style=\"--awb-bg-size:cover;width:50%;width:calc(50% - ( ( 4% ) * 0.5 ) );\"><div class=\"fusion-column-wrapper fusion-column-has-shadow fusion-flex-column-wrapper-legacy\"><div class=\"fusion-column-content-centered\"><div class=\"fusion-column-content\"><div class=\"fusion-text fusion-text-1\"><h1>Der Gr\u00fcnder: Kay Dammholz<\/h1>\n<p><span class=\"white-text\">SASS Media wurde 2018 von Kay Dammholz gegr\u00fcndet. Der ausgewiesene Sport-Marketing-Experte und versierte Vertriebs-Profi studierte Volkswirtschaftslehre an der Universit\u00e4t Konstanz sowie International Business an der renommierten EAP\/ESCP in Oxford, Madrid und Paris. Kurz danach f\u00fchrte sein Weg ins Sportbusiness: Seine Karriere in der Sportvermarktung startete Kay Dammholz bei ISL\/Challenge, Sportfive und Kentaro, bevor er von 2008 bis 2016 als Vice President Sales bei der DFL Sports Enterprises den internationalen Medienrechte-Vertrieb der Bundesliga verantwortete.<\/span><\/p>\n<p><span class=\"white-text\">Von 2016 bis 2018 begleitete Kay Dammholz bei der DAZN Group als Managing Director Rights &amp; Distribution (DACH) ma\u00dfgeblich den Aufbau und Erfolg des disruptiven Sport-Streaming-Anbieters im deutschsprachigen Raum.<\/span><\/p>\n<p><span class=\"white-text\">Seit Juni 2021, verantwortet Kay Dammholz beim Deutschen Fu\u00dfball Bund (DFB GmbH &amp; Co. KG) als Director Medienrechte den Vertrieb der nationalen und internationalen Medienrechte, den Aufbau und Betrieb der DFB-eigenen internationalen Plattformen (OTT und FAST-Sender) und er f\u00fchrt s\u00e4mtliche Produktions- und Distributionsthemen.<\/span><\/p>\n<p><span class=\"white-text\">Als Gesch\u00e4ftsf\u00fchrer der SASS Media ist Kay Ansprechpartner f\u00fcr Beratung, Vermarktung und Investments im Sport \u2013 mit \u00fcber 20 Jahren Branchenerfahrung und ausgezeichneten internationalen Kontakten.<\/span><\/p>\n<p><span class=\"white-text\"><strong>Kay Dammholz<\/strong><br \/>\n<\/span><span class=\"white-text\">E-Mail: <a href=\"mailto:kay@SASS.media\">kay@SASS.media<\/a><br \/>\n<\/span><span class=\"white-text\">Tel: <a href=\"tel:+491709271926\">0170 9271926<\/a><\/span><\/p>\n<\/div><div class=\"fusion-social-links fusion-social-links-1\" style=\"--awb-margin-top:0px;--awb-margin-right:0px;--awb-margin-bottom:0px;--awb-margin-left:0px;--awb-box-border-top:0px;--awb-box-border-right:0px;--awb-box-border-bottom:0px;--awb-box-border-left:0px;--awb-icon-colors-hover:rgba(255,255,255,0.8);--awb-box-colors-hover:rgba(131,32,33,0.8);--awb-box-border-color:var(--awb-color3);--awb-box-border-color-hover:var(--awb-color4);\"><div class=\"fusion-social-networks boxed-icons color-type-custom\"><div class=\"fusion-social-networks-wrapper\"><a class=\"fusion-social-network-icon fusion-tooltip fusion-linkedin awb-icon-linkedin\" style=\"color:#ffffff;font-size:16px;width:16px;background-color:#832021;border-color:#832021;border-radius:4px;\" data-placement=\"top\" data-title=\"LinkedIn\" data-toggle=\"tooltip\" title=\"LinkedIn\" aria-label=\"linkedin\" target=\"_blank\" rel=\"noopener noreferrer\" href=\"https:\/\/de.linkedin.com\/in\/kay-dammholz-7b1a2943\"><\/a><\/div><\/div><\/div><\/div><\/div><div class=\"fusion-clearfix\"><\/div><\/div><\/div><\/div><\/div><\/div>\n","protected":false},"excerpt":{"rendered":"","protected":false},"author":3,"featured_media":0,"parent":0,"menu_order":0,"comment_status":"closed","ping_status":"closed","template":"100-width.php","meta":{"footnotes":""},"class_list":["post-922","page","type-page","status-publish","hentry"],"yoast_head":"<!-- This site is optimized with the Yoast SEO plugin v27.6 - https:\/\/yoast.com\/product\/yoast-seo-wordpress\/ -->\n<title>Team - SASS Media<\/title>\n<meta name=\"robots\" content=\"index, follow, max-snippet:-1, max-image-preview:large, max-video-preview:-1\" \/>\n<link rel=\"canonical\" href=\"https:\/\/sass.media\/de\/team\/\" \/>\n<meta property=\"og:locale\" content=\"de_DE\" \/>\n<meta property=\"og:type\" content=\"article\" \/>\n<meta property=\"og:title\" content=\"Team - SASS Media\" \/>\n<meta property=\"og:url\" content=\"https:\/\/sass.media\/de\/team\/\" \/>\n<meta property=\"og:site_name\" content=\"SASS Media\" \/>\n<meta property=\"article:modified_time\" content=\"2024-09-17T08:03:42+00:00\" \/>\n<meta property=\"og:image\" content=\"https:\/\/sass.media\/wp-content\/uploads\/2020\/05\/og-image.jpg\" \/>\n\t<meta property=\"og:image:width\" content=\"1200\" \/>\n\t<meta property=\"og:image:height\" content=\"630\" \/>\n\t<meta property=\"og:image:type\" content=\"image\/jpeg\" \/>\n<meta name=\"twitter:card\" content=\"summary_large_image\" \/>\n<meta name=\"twitter:label1\" content=\"Gesch\u00e4tzte Lesezeit\" \/>\n\t<meta name=\"twitter:data1\" content=\"1\u00a0Minute\" \/>\n<script type=\"application\/ld+json\" class=\"yoast-schema-graph\">{\"@context\":\"https:\\\/\\\/schema.org\",\"@graph\":[{\"@type\":\"WebPage\",\"@id\":\"https:\\\/\\\/sass.media\\\/de\\\/team\\\/\",\"url\":\"https:\\\/\\\/sass.media\\\/de\\\/team\\\/\",\"name\":\"Team - SASS Media\",\"isPartOf\":{\"@id\":\"https:\\\/\\\/sass.media\\\/de\\\/#website\"},\"datePublished\":\"2020-03-19T09:10:58+00:00\",\"dateModified\":\"2024-09-17T08:03:42+00:00\",\"breadcrumb\":{\"@id\":\"https:\\\/\\\/sass.media\\\/de\\\/team\\\/#breadcrumb\"},\"inLanguage\":\"de\",\"potentialAction\":[{\"@type\":\"ReadAction\",\"target\":[\"https:\\\/\\\/sass.media\\\/de\\\/team\\\/\"]}]},{\"@type\":\"BreadcrumbList\",\"@id\":\"https:\\\/\\\/sass.media\\\/de\\\/team\\\/#breadcrumb\",\"itemListElement\":[{\"@type\":\"ListItem\",\"position\":1,\"name\":\"Startseite\",\"item\":\"https:\\\/\\\/sass.media\\\/de\\\/\"},{\"@type\":\"ListItem\",\"position\":2,\"name\":\"Team\"}]},{\"@type\":\"WebSite\",\"@id\":\"https:\\\/\\\/sass.media\\\/de\\\/#website\",\"url\":\"https:\\\/\\\/sass.media\\\/de\\\/\",\"name\":\"SASS Media\",\"description\":\"\",\"potentialAction\":[{\"@type\":\"SearchAction\",\"target\":{\"@type\":\"EntryPoint\",\"urlTemplate\":\"https:\\\/\\\/sass.media\\\/de\\\/?s={search_term_string}\"},\"query-input\":{\"@type\":\"PropertyValueSpecification\",\"valueRequired\":true,\"valueName\":\"search_term_string\"}}],\"inLanguage\":\"de\"}]}<\/script>\n<!-- \/ Yoast SEO plugin. -->","yoast_head_json":{"title":"Team - SASS Media","robots":{"index":"index","follow":"follow","max-snippet":"max-snippet:-1","max-image-preview":"max-image-preview:large","max-video-preview":"max-video-preview:-1"},"canonical":"https:\/\/sass.media\/de\/team\/","og_locale":"de_DE","og_type":"article","og_title":"Team - SASS Media","og_url":"https:\/\/sass.media\/de\/team\/","og_site_name":"SASS Media","article_modified_time":"2024-09-17T08:03:42+00:00","og_image":[{"width":1200,"height":630,"url":"https:\/\/sass.media\/wp-content\/uploads\/2020\/05\/og-image.jpg","type":"image\/jpeg"}],"twitter_card":"summary_large_image","twitter_misc":{"Gesch\u00e4tzte Lesezeit":"1\u00a0Minute"},"schema":{"@context":"https:\/\/schema.org","@graph":[{"@type":"WebPage","@id":"https:\/\/sass.media\/de\/team\/","url":"https:\/\/sass.media\/de\/team\/","name":"Team - SASS Media","isPartOf":{"@id":"https:\/\/sass.media\/de\/#website"},"datePublished":"2020-03-19T09:10:58+00:00","dateModified":"2024-09-17T08:03:42+00:00","breadcrumb":{"@id":"https:\/\/sass.media\/de\/team\/#breadcrumb"},"inLanguage":"de","potentialAction":[{"@type":"ReadAction","target":["https:\/\/sass.media\/de\/team\/"]}]},{"@type":"BreadcrumbList","@id":"https:\/\/sass.media\/de\/team\/#breadcrumb","itemListElement":[{"@type":"ListItem","position":1,"name":"Startseite","item":"https:\/\/sass.media\/de\/"},{"@type":"ListItem","position":2,"name":"Team"}]},{"@type":"WebSite","@id":"https:\/\/sass.media\/de\/#website","url":"https:\/\/sass.media\/de\/","name":"SASS Media","description":"","potentialAction":[{"@type":"SearchAction","target":{"@type":"EntryPoint","urlTemplate":"https:\/\/sass.media\/de\/?s={search_term_string}"},"query-input":{"@type":"PropertyValueSpecification","valueRequired":true,"valueName":"search_term_string"}}],"inLanguage":"de"}]}},"_links":{"self":[{"href":"https:\/\/sass.media\/de\/wp-json\/wp\/v2\/pages\/922","targetHints":{"allow":["GET"]}}],"collection":[{"href":"https:\/\/sass.media\/de\/wp-json\/wp\/v2\/pages"}],"about":[{"href":"https:\/\/sass.media\/de\/wp-json\/wp\/v2\/types\/page"}],"author":[{"embeddable":true,"href":"https:\/\/sass.media\/de\/wp-json\/wp\/v2\/users\/3"}],"replies":[{"embeddable":true,"href":"https:\/\/sass.media\/de\/wp-json\/wp\/v2\/comments?post=922"}],"version-history":[{"count":30,"href":"https:\/\/sass.media\/de\/wp-json\/wp\/v2\/pages\/922\/revisions"}],"predecessor-version":[{"id":1841,"href":"https:\/\/sass.media\/de\/wp-json\/wp\/v2\/pages\/922\/revisions\/1841"}],"wp:attachment":[{"href":"https:\/\/sass.media\/de\/wp-json\/wp\/v2\/media?parent=922"}],"curies":[{"name":"wp","href":"https:\/\/api.w.org\/{rel}","templated":true}]}}