{"id":1097,"date":"2020-03-26T07:54:44","date_gmt":"2020-03-26T06:54:44","guid":{"rendered":"https:\/\/sass12759.cows-online.de\/?page_id=1097"},"modified":"2020-06-02T17:36:58","modified_gmt":"2020-06-02T15:36:58","slug":"sports-investment","status":"publish","type":"page","link":"https:\/\/sass.media\/de\/leistungen\/sports-investment\/","title":{"rendered":"Sports Investment"},"content":{"rendered":"<div class=\"fusion-fullwidth fullwidth-box fusion-builder-row-1 hundred-percent-fullwidth non-hundred-percent-height-scrolling fusion-equal-height-columns\" style=\"--awb-border-radius-top-left:0px;--awb-border-radius-top-right:0px;--awb-border-radius-bottom-right:0px;--awb-border-radius-bottom-left:0px;--awb-padding-right:8%;--awb-padding-left:8%;--awb-flex-wrap:wrap;\" id=\"jump\" ><div class=\"fusion-builder-row fusion-row\"><div class=\"fusion-layout-column fusion_builder_column fusion-builder-column-0 fusion_builder_column_1_2 1_2 fusion-one-half fusion-column-first fusion-animated\" style=\"--awb-padding-top:5%;--awb-padding-right:5%;--awb-padding-bottom:5%;--awb-padding-left:5%;--awb-bg-size:cover;width:50%;width:calc(50% - ( ( 4% ) * 0.5 ) );margin-right: 4%;\" data-animationType=\"slideInLeft\" data-animationDuration=\"1.0\" data-animationOffset=\"top-into-view\"><div class=\"fusion-column-wrapper lazyload fusion-column-has-shadow fusion-flex-column-wrapper-legacy fusion-column-has-bg-image\" data-bg-url=\"https:\/\/sass.media\/wp-content\/uploads\/2020\/05\/sportsinvestment-3.jpg\" data-bg=\"https:\/\/sass.media\/wp-content\/uploads\/2020\/05\/sportsinvestment-3.jpg\"><div class=\"fusion-sep-clear\"><\/div><div class=\"fusion-separator fusion-full-width-sep\" style=\"margin-left: auto;margin-right: auto;margin-top:50%;margin-bottom:50%;width:100%;\"><\/div><div class=\"fusion-sep-clear\"><\/div><div class=\"fusion-clearfix\"><\/div><\/div><\/div><div class=\"fusion-layout-column fusion_builder_column fusion-builder-column-1 fusion_builder_column_1_2 1_2 fusion-one-half fusion-column-last fusion-animated\" style=\"--awb-bg-size:cover;width:50%;width:calc(50% - ( ( 4% ) * 0.5 ) );\" data-animationType=\"slideInRight\" data-animationDuration=\"1.0\" data-animationOffset=\"top-into-view\"><div class=\"fusion-column-wrapper fusion-column-has-shadow fusion-flex-column-wrapper-legacy\"><div class=\"fusion-column-content-centered\"><div class=\"fusion-column-content\"><div class=\"fusion-text fusion-text-1\"><h1>Sports Investment<\/h1>\n<p><span class=\"white-text\">Der deutsche Spitzensport bietet internationalen Investoren gewinn- und prestigetr\u00e4chtige Investment-M\u00f6glichkeiten, die zu Allianzen der St\u00e4rke f\u00fchren. Wir sind fest davon \u00fcberzeugt, dass gleichberechtigte und faire Partnerschaften zwischen Investoren und Clubs m\u00f6glich und f\u00fcr beide Seiten sinnvoll und vorteilhaft sein k\u00f6nnen.<\/span><\/p>\n<p><span class=\"white-text\">SASS Media tritt ein als Vermittlerin zwischen Clubs und Investoren, legt den (rechtlichen) Grundstein f\u00fcr die Zusammenarbeit und begleitet das Investment langfristig.<\/span><\/p>\n<h2><span class=\"white-text\">Leistungen<\/span><\/h2>\n<ul class=\"white-text\">\n<li>Beratung von Unternehmen, Ligen, Clubs, Stadien, Austragungsorten etc.<\/li>\n<li>Buy-\/Sell-Side-Unterst\u00fctzung mit Blick auf Investment-Ziele und Cultural Fit<\/li>\n<li>Identifikation von passenden Investment-Targets<\/li>\n<li>Entwicklung von Vereinbarungen zu Marken- und Nutzungsrechten<\/li>\n<li>Langfristige operative Post-Transaction-Begleitung und Evaluation des Investments<\/li>\n<\/ul>\n<\/div><\/div><\/div><div class=\"fusion-clearfix\"><\/div><\/div><\/div><\/div><\/div>\n","protected":false},"excerpt":{"rendered":"","protected":false},"author":3,"featured_media":0,"parent":920,"menu_order":0,"comment_status":"closed","ping_status":"closed","template":"100-width.php","meta":{"footnotes":""},"class_list":["post-1097","page","type-page","status-publish","hentry"],"yoast_head":"<!-- This site is optimized with the Yoast SEO plugin v27.4 - https:\/\/yoast.com\/product\/yoast-seo-wordpress\/ -->\n<title>Sports Investment - SASS Media<\/title>\n<meta name=\"robots\" content=\"index, follow, max-snippet:-1, max-image-preview:large, max-video-preview:-1\" \/>\n<link rel=\"canonical\" href=\"https:\/\/sass.media\/de\/leistungen\/sports-investment\/\" \/>\n<meta property=\"og:locale\" content=\"de_DE\" \/>\n<meta property=\"og:type\" content=\"article\" \/>\n<meta property=\"og:title\" content=\"Sports Investment - SASS Media\" \/>\n<meta property=\"og:url\" content=\"https:\/\/sass.media\/de\/leistungen\/sports-investment\/\" \/>\n<meta property=\"og:site_name\" content=\"SASS Media\" \/>\n<meta property=\"article:modified_time\" content=\"2020-06-02T15:36:58+00:00\" \/>\n<meta property=\"og:image\" content=\"https:\/\/sass.media\/wp-content\/uploads\/2020\/05\/og-image.jpg\" \/>\n\t<meta property=\"og:image:width\" content=\"1200\" \/>\n\t<meta property=\"og:image:height\" content=\"630\" \/>\n\t<meta property=\"og:image:type\" content=\"image\/jpeg\" \/>\n<meta name=\"twitter:card\" content=\"summary_large_image\" \/>\n<meta name=\"twitter:label1\" content=\"Gesch\u00e4tzte Lesezeit\" \/>\n\t<meta name=\"twitter:data1\" content=\"4\u00a0Minuten\" \/>\n<script type=\"application\/ld+json\" class=\"yoast-schema-graph\">{\"@context\":\"https:\\\/\\\/schema.org\",\"@graph\":[{\"@type\":\"WebPage\",\"@id\":\"https:\\\/\\\/sass.media\\\/de\\\/leistungen\\\/sports-investment\\\/\",\"url\":\"https:\\\/\\\/sass.media\\\/de\\\/leistungen\\\/sports-investment\\\/\",\"name\":\"Sports Investment - SASS Media\",\"isPartOf\":{\"@id\":\"https:\\\/\\\/sass.media\\\/de\\\/#website\"},\"datePublished\":\"2020-03-26T06:54:44+00:00\",\"dateModified\":\"2020-06-02T15:36:58+00:00\",\"breadcrumb\":{\"@id\":\"https:\\\/\\\/sass.media\\\/de\\\/leistungen\\\/sports-investment\\\/#breadcrumb\"},\"inLanguage\":\"de\",\"potentialAction\":[{\"@type\":\"ReadAction\",\"target\":[\"https:\\\/\\\/sass.media\\\/de\\\/leistungen\\\/sports-investment\\\/\"]}]},{\"@type\":\"BreadcrumbList\",\"@id\":\"https:\\\/\\\/sass.media\\\/de\\\/leistungen\\\/sports-investment\\\/#breadcrumb\",\"itemListElement\":[{\"@type\":\"ListItem\",\"position\":1,\"name\":\"Startseite\",\"item\":\"https:\\\/\\\/sass.media\\\/de\\\/\"},{\"@type\":\"ListItem\",\"position\":2,\"name\":\"Leistungen\",\"item\":\"https:\\\/\\\/sass.media\\\/de\\\/leistungen\\\/\"},{\"@type\":\"ListItem\",\"position\":3,\"name\":\"Sports Investment\"}]},{\"@type\":\"WebSite\",\"@id\":\"https:\\\/\\\/sass.media\\\/de\\\/#website\",\"url\":\"https:\\\/\\\/sass.media\\\/de\\\/\",\"name\":\"SASS Media\",\"description\":\"\",\"potentialAction\":[{\"@type\":\"SearchAction\",\"target\":{\"@type\":\"EntryPoint\",\"urlTemplate\":\"https:\\\/\\\/sass.media\\\/de\\\/?s={search_term_string}\"},\"query-input\":{\"@type\":\"PropertyValueSpecification\",\"valueRequired\":true,\"valueName\":\"search_term_string\"}}],\"inLanguage\":\"de\"}]}<\/script>\n<!-- \/ Yoast SEO plugin. -->","yoast_head_json":{"title":"Sports Investment - SASS Media","robots":{"index":"index","follow":"follow","max-snippet":"max-snippet:-1","max-image-preview":"max-image-preview:large","max-video-preview":"max-video-preview:-1"},"canonical":"https:\/\/sass.media\/de\/leistungen\/sports-investment\/","og_locale":"de_DE","og_type":"article","og_title":"Sports Investment - SASS Media","og_url":"https:\/\/sass.media\/de\/leistungen\/sports-investment\/","og_site_name":"SASS Media","article_modified_time":"2020-06-02T15:36:58+00:00","og_image":[{"width":1200,"height":630,"url":"https:\/\/sass.media\/wp-content\/uploads\/2020\/05\/og-image.jpg","type":"image\/jpeg"}],"twitter_card":"summary_large_image","twitter_misc":{"Gesch\u00e4tzte Lesezeit":"4\u00a0Minuten"},"schema":{"@context":"https:\/\/schema.org","@graph":[{"@type":"WebPage","@id":"https:\/\/sass.media\/de\/leistungen\/sports-investment\/","url":"https:\/\/sass.media\/de\/leistungen\/sports-investment\/","name":"Sports Investment - SASS Media","isPartOf":{"@id":"https:\/\/sass.media\/de\/#website"},"datePublished":"2020-03-26T06:54:44+00:00","dateModified":"2020-06-02T15:36:58+00:00","breadcrumb":{"@id":"https:\/\/sass.media\/de\/leistungen\/sports-investment\/#breadcrumb"},"inLanguage":"de","potentialAction":[{"@type":"ReadAction","target":["https:\/\/sass.media\/de\/leistungen\/sports-investment\/"]}]},{"@type":"BreadcrumbList","@id":"https:\/\/sass.media\/de\/leistungen\/sports-investment\/#breadcrumb","itemListElement":[{"@type":"ListItem","position":1,"name":"Startseite","item":"https:\/\/sass.media\/de\/"},{"@type":"ListItem","position":2,"name":"Leistungen","item":"https:\/\/sass.media\/de\/leistungen\/"},{"@type":"ListItem","position":3,"name":"Sports Investment"}]},{"@type":"WebSite","@id":"https:\/\/sass.media\/de\/#website","url":"https:\/\/sass.media\/de\/","name":"SASS Media","description":"","potentialAction":[{"@type":"SearchAction","target":{"@type":"EntryPoint","urlTemplate":"https:\/\/sass.media\/de\/?s={search_term_string}"},"query-input":{"@type":"PropertyValueSpecification","valueRequired":true,"valueName":"search_term_string"}}],"inLanguage":"de"}]}},"_links":{"self":[{"href":"https:\/\/sass.media\/de\/wp-json\/wp\/v2\/pages\/1097","targetHints":{"allow":["GET"]}}],"collection":[{"href":"https:\/\/sass.media\/de\/wp-json\/wp\/v2\/pages"}],"about":[{"href":"https:\/\/sass.media\/de\/wp-json\/wp\/v2\/types\/page"}],"author":[{"embeddable":true,"href":"https:\/\/sass.media\/de\/wp-json\/wp\/v2\/users\/3"}],"replies":[{"embeddable":true,"href":"https:\/\/sass.media\/de\/wp-json\/wp\/v2\/comments?post=1097"}],"version-history":[{"count":13,"href":"https:\/\/sass.media\/de\/wp-json\/wp\/v2\/pages\/1097\/revisions"}],"predecessor-version":[{"id":1679,"href":"https:\/\/sass.media\/de\/wp-json\/wp\/v2\/pages\/1097\/revisions\/1679"}],"up":[{"embeddable":true,"href":"https:\/\/sass.media\/de\/wp-json\/wp\/v2\/pages\/920"}],"wp:attachment":[{"href":"https:\/\/sass.media\/de\/wp-json\/wp\/v2\/media?parent=1097"}],"curies":[{"name":"wp","href":"https:\/\/api.w.org\/{rel}","templated":true}]}}