{"id":1095,"date":"2020-03-26T07:54:00","date_gmt":"2020-03-26T06:54:00","guid":{"rendered":"https:\/\/sass12759.cows-online.de\/?page_id=1095"},"modified":"2020-06-02T17:31:12","modified_gmt":"2020-06-02T15:31:12","slug":"vermarktung","status":"publish","type":"page","link":"https:\/\/sass.media\/de\/leistungen\/vermarktung\/","title":{"rendered":"Vermarktung"},"content":{"rendered":"<p><div class=\"fusion-fullwidth fullwidth-box fusion-builder-row-1 hundred-percent-fullwidth non-hundred-percent-height-scrolling fusion-equal-height-columns\" style=\"--awb-border-radius-top-left:0px;--awb-border-radius-top-right:0px;--awb-border-radius-bottom-right:0px;--awb-border-radius-bottom-left:0px;--awb-padding-right:8%;--awb-padding-left:8%;--awb-flex-wrap:wrap;\" id=\"jump\" ><div class=\"fusion-builder-row fusion-row\"><div class=\"fusion-layout-column fusion_builder_column fusion-builder-column-0 fusion_builder_column_1_2 1_2 fusion-one-half fusion-column-first fusion-animated\" style=\"--awb-padding-top:5%;--awb-padding-right:5%;--awb-padding-bottom:5%;--awb-padding-left:5%;--awb-bg-size:cover;width:50%;width:calc(50% - ( ( 4% ) * 0.5 ) );margin-right: 4%;\" data-animationType=\"slideInLeft\" data-animationDuration=\"1.0\" data-animationOffset=\"top-into-view\"><div class=\"fusion-column-wrapper lazyload fusion-column-has-shadow fusion-flex-column-wrapper-legacy fusion-column-has-bg-image\" data-bg-url=\"https:\/\/sass.media\/wp-content\/uploads\/2020\/05\/medienrechte-2-1.jpg\" data-bg=\"https:\/\/sass.media\/wp-content\/uploads\/2020\/05\/medienrechte-2-1.jpg\"><div class=\"fusion-sep-clear\"><\/div><div class=\"fusion-separator fusion-full-width-sep\" style=\"margin-left: auto;margin-right: auto;margin-top:50%;margin-bottom:50%;width:100%;\"><\/div><div class=\"fusion-sep-clear\"><\/div><div class=\"fusion-clearfix\"><\/div><\/div><\/div><div class=\"fusion-layout-column fusion_builder_column fusion-builder-column-1 fusion_builder_column_1_2 1_2 fusion-one-half fusion-column-last fusion-animated\" style=\"--awb-bg-size:cover;width:50%;width:calc(50% - ( ( 4% ) * 0.5 ) );\" data-animationType=\"slideInRight\" data-animationDuration=\"1.0\" data-animationOffset=\"top-into-view\"><div class=\"fusion-column-wrapper fusion-column-has-shadow fusion-flex-column-wrapper-legacy\"><div class=\"fusion-column-content-centered\"><div class=\"fusion-column-content\"><div class=\"fusion-text fusion-text-1\"><h1>Medienrechte-Vermarktung<\/h1>\n<p><span class=\"white-text\">Die Vermarktung von Medienrechten bringt den Sport dorthin, wo er Menschen erreicht: per Satellit, Kabel und Internet nach Hause auf den gro\u00dfen Fernseher oder unterwegs auf mobile Endger\u00e4te. Wir arbeiten vertrauensvoll mit Rechteinhabern, Verwertern und Marken, um Spitzensport zuverl\u00e4ssig und nachhaltig verf\u00fcgbar zu machen \u2013 national wie international.<\/span><\/p>\n<p><span class=\"white-text\">SASS Media unterst\u00fctzt die Inhaber von Medien-\u00dcbertragungsrechten professionell und ergebnisorientiert bei der weltweiten Vermarktung, entwickelt Distributions-L\u00f6sungen und fungiert als T\u00fcr\u00f6ffner.<\/span><\/p>\n<h2><span class=\"white-text\">Leistungen<\/span><\/h2>\n<ul class=\"white-text\">\n<li>Akquise, Handel und Distribution von audiovisuellen Medienrechten<\/li>\n<li>Begleitung von nationalen und internationalen Vergabeverfahren<\/li>\n<li>Entwicklung von Verwertungsformaten f\u00fcr lineare \u00dcbertragung, OTT und VoD<\/li>\n<li>Strategische Vermarktung, Potenzial- und Marktanalysen, Evaluationen<\/li>\n<\/ul>\n<\/div><\/div><\/div><div class=\"fusion-clearfix\"><\/div><\/div><\/div><\/div><\/div><div class=\"fusion-fullwidth fullwidth-box fusion-builder-row-2 hundred-percent-fullwidth non-hundred-percent-height-scrolling fusion-equal-height-columns row-reverse\" style=\"--awb-border-radius-top-left:0px;--awb-border-radius-top-right:0px;--awb-border-radius-bottom-right:0px;--awb-border-radius-bottom-left:0px;--awb-padding-right:8%;--awb-padding-left:8%;--awb-flex-wrap:wrap;\" ><div class=\"fusion-builder-row fusion-row\"><div class=\"fusion-layout-column fusion_builder_column fusion-builder-column-2 fusion_builder_column_1_2 1_2 fusion-one-half fusion-column-first fusion-animated\" style=\"--awb-bg-size:cover;width:50%;width:calc(50% - ( ( 4% ) * 0.5 ) );margin-right: 4%;\" data-animationType=\"slideInLeft\" data-animationDuration=\"1.0\" data-animationOffset=\"top-into-view\"><div class=\"fusion-column-wrapper fusion-column-has-shadow fusion-flex-column-wrapper-legacy\"><div class=\"fusion-column-content-centered\"><div class=\"fusion-column-content\"><div class=\"fusion-text fusion-text-2\"><h3><span style=\"color: #832021;\">Sponsoring-Vermarktung<\/span><\/h3>\n<p><span class=\"white-text\">Profisport bewegt Millionen von Fans auf der ganzen Welt und bietet Marken ein interessantes und hochemotionales Werbeumfeld. F\u00fcr viele Verb\u00e4nde, Ligen, Clubs und Einzelsportler sind entsprechende Kooperationen essenziell: Ein Sponsoring-Partner erm\u00f6glicht ihnen die volle Konzentration auf ihre sportlichen Ziele.<\/span><\/p>\n<p><span class=\"white-text\">SASS Media bahnt langfristige Sponsoring-Beziehungen zwischen Unternehmen und Einzelsportlern an und \u00fcbernimmt die Vermarktung, Vernetzung und Aktivierung sowie das Rechtemanagement.<\/span><\/p>\n<h2><span class=\"white-text\">Leistungen<\/span><\/h2>\n<ul class=\"white-text\">\n<li>Beratung und Vermarktung von Rechteinhabern und Einzelsportlern<\/li>\n<li>Konzeption, Umsetzung und Optimierung von Sponsoring-Partnerschaften<\/li>\n<li>Verhandlung von Marken- und Nutzungsrechten<\/li>\n<li>Langfristiges operatives Rechtemanagement<\/li>\n<\/ul>\n<\/div><\/div><\/div><div class=\"fusion-clearfix\"><\/div><\/div><\/div><div class=\"fusion-layout-column fusion_builder_column fusion-builder-column-3 fusion_builder_column_1_2 1_2 fusion-one-half fusion-column-last fusion-animated\" style=\"--awb-padding-top:5%;--awb-padding-right:5%;--awb-padding-bottom:5%;--awb-padding-left:5%;--awb-bg-size:cover;width:50%;width:calc(50% - ( ( 4% ) * 0.5 ) );\" data-animationType=\"slideInRight\" data-animationDuration=\"1.0\" data-animationOffset=\"top-into-view\"><div class=\"fusion-column-wrapper lazyload fusion-column-has-shadow fusion-flex-column-wrapper-legacy fusion-column-has-bg-image\" data-bg-url=\"https:\/\/sass.media\/wp-content\/uploads\/2020\/05\/sposnoring-vermarktung.jpg\" data-bg=\"https:\/\/sass.media\/wp-content\/uploads\/2020\/05\/sposnoring-vermarktung.jpg\"><div class=\"fusion-sep-clear\"><\/div><div class=\"fusion-separator fusion-full-width-sep\" style=\"margin-left: auto;margin-right: auto;margin-top:60%;margin-bottom:50%;width:100%;\"><\/div><div class=\"fusion-sep-clear\"><\/div><div class=\"fusion-clearfix\"><\/div><\/div><\/div><\/div><\/div><\/p>\n","protected":false},"excerpt":{"rendered":"","protected":false},"author":3,"featured_media":0,"parent":920,"menu_order":0,"comment_status":"closed","ping_status":"closed","template":"100-width.php","meta":{"footnotes":""},"class_list":["post-1095","page","type-page","status-publish","hentry"],"yoast_head":"<!-- This site is optimized with the Yoast SEO plugin v27.5 - https:\/\/yoast.com\/product\/yoast-seo-wordpress\/ -->\n<title>Vermarktung - SASS Media<\/title>\n<meta name=\"robots\" content=\"index, follow, max-snippet:-1, max-image-preview:large, max-video-preview:-1\" \/>\n<link rel=\"canonical\" href=\"https:\/\/sass.media\/de\/leistungen\/vermarktung\/\" \/>\n<meta property=\"og:locale\" content=\"de_DE\" \/>\n<meta property=\"og:type\" content=\"article\" \/>\n<meta property=\"og:title\" content=\"Vermarktung - SASS Media\" \/>\n<meta property=\"og:url\" content=\"https:\/\/sass.media\/de\/leistungen\/vermarktung\/\" \/>\n<meta property=\"og:site_name\" content=\"SASS Media\" \/>\n<meta property=\"article:modified_time\" content=\"2020-06-02T15:31:12+00:00\" \/>\n<meta property=\"og:image\" content=\"https:\/\/sass.media\/wp-content\/uploads\/2020\/05\/og-image.jpg\" \/>\n\t<meta property=\"og:image:width\" content=\"1200\" \/>\n\t<meta property=\"og:image:height\" content=\"630\" \/>\n\t<meta property=\"og:image:type\" content=\"image\/jpeg\" \/>\n<meta name=\"twitter:card\" content=\"summary_large_image\" \/>\n<meta name=\"twitter:label1\" content=\"Gesch\u00e4tzte Lesezeit\" \/>\n\t<meta name=\"twitter:data1\" content=\"7\u00a0Minuten\" \/>\n<script type=\"application\/ld+json\" class=\"yoast-schema-graph\">{\"@context\":\"https:\\\/\\\/schema.org\",\"@graph\":[{\"@type\":\"WebPage\",\"@id\":\"https:\\\/\\\/sass.media\\\/de\\\/leistungen\\\/vermarktung\\\/\",\"url\":\"https:\\\/\\\/sass.media\\\/de\\\/leistungen\\\/vermarktung\\\/\",\"name\":\"Vermarktung - SASS Media\",\"isPartOf\":{\"@id\":\"https:\\\/\\\/sass.media\\\/de\\\/#website\"},\"datePublished\":\"2020-03-26T06:54:00+00:00\",\"dateModified\":\"2020-06-02T15:31:12+00:00\",\"breadcrumb\":{\"@id\":\"https:\\\/\\\/sass.media\\\/de\\\/leistungen\\\/vermarktung\\\/#breadcrumb\"},\"inLanguage\":\"de\",\"potentialAction\":[{\"@type\":\"ReadAction\",\"target\":[\"https:\\\/\\\/sass.media\\\/de\\\/leistungen\\\/vermarktung\\\/\"]}]},{\"@type\":\"BreadcrumbList\",\"@id\":\"https:\\\/\\\/sass.media\\\/de\\\/leistungen\\\/vermarktung\\\/#breadcrumb\",\"itemListElement\":[{\"@type\":\"ListItem\",\"position\":1,\"name\":\"Startseite\",\"item\":\"https:\\\/\\\/sass.media\\\/de\\\/\"},{\"@type\":\"ListItem\",\"position\":2,\"name\":\"Leistungen\",\"item\":\"https:\\\/\\\/sass.media\\\/de\\\/leistungen\\\/\"},{\"@type\":\"ListItem\",\"position\":3,\"name\":\"Vermarktung\"}]},{\"@type\":\"WebSite\",\"@id\":\"https:\\\/\\\/sass.media\\\/de\\\/#website\",\"url\":\"https:\\\/\\\/sass.media\\\/de\\\/\",\"name\":\"SASS Media\",\"description\":\"\",\"potentialAction\":[{\"@type\":\"SearchAction\",\"target\":{\"@type\":\"EntryPoint\",\"urlTemplate\":\"https:\\\/\\\/sass.media\\\/de\\\/?s={search_term_string}\"},\"query-input\":{\"@type\":\"PropertyValueSpecification\",\"valueRequired\":true,\"valueName\":\"search_term_string\"}}],\"inLanguage\":\"de\"}]}<\/script>\n<!-- \/ Yoast SEO plugin. -->","yoast_head_json":{"title":"Vermarktung - SASS Media","robots":{"index":"index","follow":"follow","max-snippet":"max-snippet:-1","max-image-preview":"max-image-preview:large","max-video-preview":"max-video-preview:-1"},"canonical":"https:\/\/sass.media\/de\/leistungen\/vermarktung\/","og_locale":"de_DE","og_type":"article","og_title":"Vermarktung - SASS Media","og_url":"https:\/\/sass.media\/de\/leistungen\/vermarktung\/","og_site_name":"SASS Media","article_modified_time":"2020-06-02T15:31:12+00:00","og_image":[{"width":1200,"height":630,"url":"https:\/\/sass.media\/wp-content\/uploads\/2020\/05\/og-image.jpg","type":"image\/jpeg"}],"twitter_card":"summary_large_image","twitter_misc":{"Gesch\u00e4tzte Lesezeit":"7\u00a0Minuten"},"schema":{"@context":"https:\/\/schema.org","@graph":[{"@type":"WebPage","@id":"https:\/\/sass.media\/de\/leistungen\/vermarktung\/","url":"https:\/\/sass.media\/de\/leistungen\/vermarktung\/","name":"Vermarktung - SASS Media","isPartOf":{"@id":"https:\/\/sass.media\/de\/#website"},"datePublished":"2020-03-26T06:54:00+00:00","dateModified":"2020-06-02T15:31:12+00:00","breadcrumb":{"@id":"https:\/\/sass.media\/de\/leistungen\/vermarktung\/#breadcrumb"},"inLanguage":"de","potentialAction":[{"@type":"ReadAction","target":["https:\/\/sass.media\/de\/leistungen\/vermarktung\/"]}]},{"@type":"BreadcrumbList","@id":"https:\/\/sass.media\/de\/leistungen\/vermarktung\/#breadcrumb","itemListElement":[{"@type":"ListItem","position":1,"name":"Startseite","item":"https:\/\/sass.media\/de\/"},{"@type":"ListItem","position":2,"name":"Leistungen","item":"https:\/\/sass.media\/de\/leistungen\/"},{"@type":"ListItem","position":3,"name":"Vermarktung"}]},{"@type":"WebSite","@id":"https:\/\/sass.media\/de\/#website","url":"https:\/\/sass.media\/de\/","name":"SASS Media","description":"","potentialAction":[{"@type":"SearchAction","target":{"@type":"EntryPoint","urlTemplate":"https:\/\/sass.media\/de\/?s={search_term_string}"},"query-input":{"@type":"PropertyValueSpecification","valueRequired":true,"valueName":"search_term_string"}}],"inLanguage":"de"}]}},"_links":{"self":[{"href":"https:\/\/sass.media\/de\/wp-json\/wp\/v2\/pages\/1095","targetHints":{"allow":["GET"]}}],"collection":[{"href":"https:\/\/sass.media\/de\/wp-json\/wp\/v2\/pages"}],"about":[{"href":"https:\/\/sass.media\/de\/wp-json\/wp\/v2\/types\/page"}],"author":[{"embeddable":true,"href":"https:\/\/sass.media\/de\/wp-json\/wp\/v2\/users\/3"}],"replies":[{"embeddable":true,"href":"https:\/\/sass.media\/de\/wp-json\/wp\/v2\/comments?post=1095"}],"version-history":[{"count":20,"href":"https:\/\/sass.media\/de\/wp-json\/wp\/v2\/pages\/1095\/revisions"}],"predecessor-version":[{"id":1667,"href":"https:\/\/sass.media\/de\/wp-json\/wp\/v2\/pages\/1095\/revisions\/1667"}],"up":[{"embeddable":true,"href":"https:\/\/sass.media\/de\/wp-json\/wp\/v2\/pages\/920"}],"wp:attachment":[{"href":"https:\/\/sass.media\/de\/wp-json\/wp\/v2\/media?parent=1095"}],"curies":[{"name":"wp","href":"https:\/\/api.w.org\/{rel}","templated":true}]}}